{"id":60,"date":"2018-06-01T14:28:32","date_gmt":"2018-06-01T12:28:32","guid":{"rendered":"http:\/\/bedeker.waw.pl\/?page_id=60"},"modified":"2020-07-19T00:05:39","modified_gmt":"2020-07-18T22:05:39","slug":"kontakt","status":"publish","type":"page","link":"https:\/\/bedeker.waw.pl\/index.php\/kontakt\/","title":{"rendered":"Kontakt"},"content":{"rendered":"<h1 style=\"text-align: center;\"><span style=\"color: #0000ff;\"><strong>+48 737 897 740<\/strong><\/span><\/h1>\n<p style=\"text-align: left;\"><strong>w sprawach przewodnickich lub zwi\u0105zanych ze spo\u0142eczn\u0105 opiek\u0105 nad zabytkami:<\/strong><\/p>\n<p style=\"text-align: left;\">adres e-mail: <a href=\"mailto:przewodnik@bedeker.waw.pl\">przewodnik@bedeker.waw.pl<\/a><\/p>\n<p style=\"text-align: left;\"><strong> w sprawach strony www:<br \/>\n<\/strong><\/p>\n<p style=\"text-align: left;\">adres e-mail: <a href=\"mailto:webmaster@bedeker.waw.pl\">webmaster@bedeker.waw.pl<\/a><\/p>\n","protected":false},"excerpt":{"rendered":"<p>+48 737 897 740 w sprawach przewodnickich lub zwi\u0105zanych ze spo\u0142eczn\u0105 opiek\u0105 nad zabytkami: adres e-mail: przewodnik@bedeker.waw.pl w sprawach strony www: adres e-mail: webmaster@bedeker.waw.pl<\/p>\n","protected":false},"author":1,"featured_media":0,"parent":0,"menu_order":0,"comment_status":"closed","ping_status":"closed","template":"","meta":[],"_links":{"self":[{"href":"https:\/\/bedeker.waw.pl\/index.php\/wp-json\/wp\/v2\/pages\/60"}],"collection":[{"href":"https:\/\/bedeker.waw.pl\/index.php\/wp-json\/wp\/v2\/pages"}],"about":[{"href":"https:\/\/bedeker.waw.pl\/index.php\/wp-json\/wp\/v2\/types\/page"}],"author":[{"embeddable":true,"href":"https:\/\/bedeker.waw.pl\/index.php\/wp-json\/wp\/v2\/users\/1"}],"replies":[{"embeddable":true,"href":"https:\/\/bedeker.waw.pl\/index.php\/wp-json\/wp\/v2\/comments?post=60"}],"version-history":[{"count":0,"href":"https:\/\/bedeker.waw.pl\/index.php\/wp-json\/wp\/v2\/pages\/60\/revisions"}],"wp:attachment":[{"href":"https:\/\/bedeker.waw.pl\/index.php\/wp-json\/wp\/v2\/media?parent=60"}],"curies":[{"name":"wp","href":"https:\/\/api.w.org\/{rel}","templated":true}]}}