{"id":250,"date":"2018-06-22T17:52:13","date_gmt":"2018-06-22T15:52:13","guid":{"rendered":"http:\/\/bedeker.waw.pl\/?page_id=250"},"modified":"2019-12-03T22:00:28","modified_gmt":"2019-12-03T21:00:28","slug":"odnosniki","status":"publish","type":"page","link":"https:\/\/bedeker.waw.pl\/index.php\/odnosniki\/","title":{"rendered":"Odno\u015bniki"},"content":{"rendered":"<ul>\n<li><a href=\"https:\/\/www.pttk.pl\/\"><strong>Polskie Towarzystwo Turystyczno-Krajoznawcze<\/strong><\/a><\/li>\n<li><strong><a href=\"http:\/\/www.wop-pttk.pl\/\">Warszawski Oddzia\u0142 Przewodnik\u00f3w PTTK<\/a><\/strong><\/li>\n<li><a href=\"http:\/\/muzeumwarszawy.pl\/\"><strong>Muzeum Warszawy<\/strong><\/a><\/li>\n<li><a href=\"https:\/\/muzeumpragi.pl\/\"><strong>Muzeum Warszawskiej Pragi<\/strong><\/a><\/li>\n<li><a href=\"http:\/\/muzeum-niepodleglosci.pl\/\"><strong>Muzeum Niepodleg\u0142o\u015bci<\/strong><\/a><\/li>\n<li><strong><a href=\"http:\/\/www.um.warszawa.pl\/\">Miasto Sto\u0142eczne Warszawa<\/a><\/strong><\/li>\n<li><strong><a href=\"http:\/\/www.mapa.um.warszawa.pl\/\">Mapa Warszawy<\/a><\/strong><\/li>\n<li><strong><a href=\"http:\/\/zabytki.um.warszawa.pl\/\">Biuro Sto\u0142ecznego Konserwatora Zabytk\u00f3w<\/a><\/strong><\/li>\n<li><strong> <a href=\"https:\/\/fotopolska.eu\/warszawa\">Zdj\u0119cia Warszawy (fotopolska.eu)<\/a>\u00a0\u00a0\u00a0 <\/strong><\/li>\n<li><strong><a href=\"https:\/\/polona.pl\/\">Biblioteka Narodowa (polona.pl)<\/a><\/strong><\/li>\n<\/ul>\n\n\n<p><\/p>\n","protected":false},"excerpt":{"rendered":"<p>Polskie Towarzystwo Turystyczno-Krajoznawcze Warszawski Oddzia\u0142 Przewodnik\u00f3w PTTK Muzeum Warszawy Muzeum Warszawskiej Pragi Muzeum Niepodleg\u0142o\u015bci Miasto Sto\u0142eczne Warszawa Mapa Warszawy Biuro Sto\u0142ecznego Konserwatora Zabytk\u00f3w Zdj\u0119cia Warszawy (fotopolska.eu)\u00a0\u00a0\u00a0 Biblioteka Narodowa (polona.pl)<\/p>\n","protected":false},"author":1,"featured_media":0,"parent":0,"menu_order":0,"comment_status":"closed","ping_status":"closed","template":"","meta":[],"_links":{"self":[{"href":"https:\/\/bedeker.waw.pl\/index.php\/wp-json\/wp\/v2\/pages\/250"}],"collection":[{"href":"https:\/\/bedeker.waw.pl\/index.php\/wp-json\/wp\/v2\/pages"}],"about":[{"href":"https:\/\/bedeker.waw.pl\/index.php\/wp-json\/wp\/v2\/types\/page"}],"author":[{"embeddable":true,"href":"https:\/\/bedeker.waw.pl\/index.php\/wp-json\/wp\/v2\/users\/1"}],"replies":[{"embeddable":true,"href":"https:\/\/bedeker.waw.pl\/index.php\/wp-json\/wp\/v2\/comments?post=250"}],"version-history":[{"count":0,"href":"https:\/\/bedeker.waw.pl\/index.php\/wp-json\/wp\/v2\/pages\/250\/revisions"}],"wp:attachment":[{"href":"https:\/\/bedeker.waw.pl\/index.php\/wp-json\/wp\/v2\/media?parent=250"}],"curies":[{"name":"wp","href":"https:\/\/api.w.org\/{rel}","templated":true}]}}