{"id":2336,"date":"2020-04-18T22:41:07","date_gmt":"2020-04-18T20:41:07","guid":{"rendered":"https:\/\/bedeker.waw.pl\/?page_id=2336"},"modified":"2020-04-18T22:41:07","modified_gmt":"2020-04-18T20:41:07","slug":"pamiatki-z-przeszlosci","status":"publish","type":"page","link":"https:\/\/bedeker.waw.pl\/index.php\/pamiatki-z-przeszlosci\/","title":{"rendered":"Pami\u0105tki z przesz\u0142o\u015bci"},"content":{"rendered":"\n<hr class=\"wp-block-separator\"\/>\n\n\n\n<div class=\"wp-block-image\"><figure class=\"aligncenter size-large is-resized\"><a href=\"https:\/\/bedeker.waw.pl\/wp-content\/uploads\/2019\/07\/RynekStaregoMiasta.jpg\"><img decoding=\"async\" loading=\"lazy\" src=\"https:\/\/bedeker.waw.pl\/wp-content\/uploads\/2019\/07\/RynekStaregoMiasta-1024x645.jpg\" alt=\"\" class=\"wp-image-833\" width=\"580\" height=\"365\" srcset=\"https:\/\/bedeker.waw.pl\/wp-content\/uploads\/2019\/07\/RynekStaregoMiasta-1024x645.jpg 1024w, https:\/\/bedeker.waw.pl\/wp-content\/uploads\/2019\/07\/RynekStaregoMiasta-300x189.jpg 300w, https:\/\/bedeker.waw.pl\/wp-content\/uploads\/2019\/07\/RynekStaregoMiasta-768x484.jpg 768w, https:\/\/bedeker.waw.pl\/wp-content\/uploads\/2019\/07\/RynekStaregoMiasta-370x233.jpg 370w, https:\/\/bedeker.waw.pl\/wp-content\/uploads\/2019\/07\/RynekStaregoMiasta-1040x655.jpg 1040w\" sizes=\"(max-width: 580px) 100vw, 580px\" \/><\/a><figcaption>Rynek Starego Miasta w Warszawie<\/figcaption><\/figure><\/div>\n\n\n\n<hr class=\"wp-block-separator\"\/>\n\n\n\n<p class=\"has-medium-font-size\"><a href=\"https:\/\/bedeker.waw.pl\/index.php\/category\/pocztowki\/\">POCZT\u00d3WKI<\/a><\/p>\n\n\n\n<hr class=\"wp-block-separator\"\/>\n\n\n\n<p class=\"has-medium-font-size\"><a href=\"https:\/\/bedeker.waw.pl\/\">MENU G\u0141\u00d3WNE<\/a><\/p>\n\n\n\n<hr class=\"wp-block-separator\"\/>\n","protected":false},"excerpt":{"rendered":"<p>POCZT\u00d3WKI MENU G\u0141\u00d3WNE<\/p>\n","protected":false},"author":1,"featured_media":0,"parent":0,"menu_order":0,"comment_status":"closed","ping_status":"closed","template":"","meta":[],"_links":{"self":[{"href":"https:\/\/bedeker.waw.pl\/index.php\/wp-json\/wp\/v2\/pages\/2336"}],"collection":[{"href":"https:\/\/bedeker.waw.pl\/index.php\/wp-json\/wp\/v2\/pages"}],"about":[{"href":"https:\/\/bedeker.waw.pl\/index.php\/wp-json\/wp\/v2\/types\/page"}],"author":[{"embeddable":true,"href":"https:\/\/bedeker.waw.pl\/index.php\/wp-json\/wp\/v2\/users\/1"}],"replies":[{"embeddable":true,"href":"https:\/\/bedeker.waw.pl\/index.php\/wp-json\/wp\/v2\/comments?post=2336"}],"version-history":[{"count":0,"href":"https:\/\/bedeker.waw.pl\/index.php\/wp-json\/wp\/v2\/pages\/2336\/revisions"}],"wp:attachment":[{"href":"https:\/\/bedeker.waw.pl\/index.php\/wp-json\/wp\/v2\/media?parent=2336"}],"curies":[{"name":"wp","href":"https:\/\/api.w.org\/{rel}","templated":true}]}}