{"id":2330,"date":"2020-04-18T22:32:23","date_gmt":"2020-04-18T20:32:23","guid":{"rendered":"https:\/\/bedeker.waw.pl\/?page_id=2330"},"modified":"2020-04-18T22:32:24","modified_gmt":"2020-04-18T20:32:24","slug":"tematycznie","status":"publish","type":"page","link":"https:\/\/bedeker.waw.pl\/index.php\/tematycznie\/","title":{"rendered":"Tematycznie"},"content":{"rendered":"\n<hr class=\"wp-block-separator\"\/>\n\n\n\n<div class=\"wp-block-image\"><figure class=\"aligncenter size-large is-resized\"><a href=\"https:\/\/bedeker.waw.pl\/wp-content\/uploads\/2018\/05\/Warszawa2.jpg\"><img decoding=\"async\" loading=\"lazy\" src=\"https:\/\/bedeker.waw.pl\/wp-content\/uploads\/2018\/05\/Warszawa2-1024x681.jpg\" alt=\"\" class=\"wp-image-20\" width=\"575\" height=\"382\" srcset=\"https:\/\/bedeker.waw.pl\/wp-content\/uploads\/2018\/05\/Warszawa2-1024x681.jpg 1024w, https:\/\/bedeker.waw.pl\/wp-content\/uploads\/2018\/05\/Warszawa2-300x199.jpg 300w, https:\/\/bedeker.waw.pl\/wp-content\/uploads\/2018\/05\/Warszawa2-768x511.jpg 768w, https:\/\/bedeker.waw.pl\/wp-content\/uploads\/2018\/05\/Warszawa2.jpg 1504w\" sizes=\"(max-width: 575px) 100vw, 575px\" \/><\/a><figcaption>Zamek Kr\u00f3lewski w Warszawskie<br>fot. Rafa\u0142 Adrian Kraszewski<\/figcaption><\/figure><\/div>\n\n\n\n<hr class=\"wp-block-separator\"\/>\n\n\n\n<p class=\"has-medium-font-size\"><a href=\"https:\/\/bedeker.waw.pl\/index.php\/category\/warszawska-praga\/\">WARSZAWSKA PRAGA<\/a><\/p>\n\n\n\n<p class=\"has-medium-font-size\"><a href=\"https:\/\/bedeker.waw.pl\/index.php\/category\/wilanowski-park-kulturowy\/\">WILANOWSKI PARK KULTUROWY<\/a><\/p>\n\n\n\n<p class=\"has-medium-font-size\"><a href=\"https:\/\/bedeker.waw.pl\/index.php\/category\/pomniki-i-rzezby\/\">POMNIKI I RZE\u0179BY<\/a><\/p>\n\n\n\n<p class=\"has-medium-font-size\"><a href=\"https:\/\/bedeker.waw.pl\/index.php\/category\/murale\/\">MURALE<\/a><\/p>\n\n\n\n<p class=\"has-medium-font-size\"><a href=\"https:\/\/bedeker.waw.pl\/index.php\/category\/cmentarze\/\">CMENTARZE<\/a><\/p>\n\n\n\n<hr class=\"wp-block-separator\"\/>\n\n\n\n<p class=\"has-medium-font-size\"><a href=\"https:\/\/bedeker.waw.pl\/\">MENU G\u0141\u00d3WNE<\/a><\/p>\n\n\n\n<hr class=\"wp-block-separator\"\/>\n\n\n\n<p><\/p>\n","protected":false},"excerpt":{"rendered":"<p>WARSZAWSKA PRAGA WILANOWSKI PARK KULTUROWY POMNIKI I RZE\u0179BY MURALE CMENTARZE MENU G\u0141\u00d3WNE<\/p>\n","protected":false},"author":1,"featured_media":0,"parent":0,"menu_order":0,"comment_status":"closed","ping_status":"closed","template":"","meta":[],"_links":{"self":[{"href":"https:\/\/bedeker.waw.pl\/index.php\/wp-json\/wp\/v2\/pages\/2330"}],"collection":[{"href":"https:\/\/bedeker.waw.pl\/index.php\/wp-json\/wp\/v2\/pages"}],"about":[{"href":"https:\/\/bedeker.waw.pl\/index.php\/wp-json\/wp\/v2\/types\/page"}],"author":[{"embeddable":true,"href":"https:\/\/bedeker.waw.pl\/index.php\/wp-json\/wp\/v2\/users\/1"}],"replies":[{"embeddable":true,"href":"https:\/\/bedeker.waw.pl\/index.php\/wp-json\/wp\/v2\/comments?post=2330"}],"version-history":[{"count":0,"href":"https:\/\/bedeker.waw.pl\/index.php\/wp-json\/wp\/v2\/pages\/2330\/revisions"}],"wp:attachment":[{"href":"https:\/\/bedeker.waw.pl\/index.php\/wp-json\/wp\/v2\/media?parent=2330"}],"curies":[{"name":"wp","href":"https:\/\/api.w.org\/{rel}","templated":true}]}}